{"id":30403,"date":"2025-11-21T13:58:39","date_gmt":"2025-11-21T13:58:39","guid":{"rendered":"https:\/\/hansen.devwp.dk\/propriete\/"},"modified":"2026-02-16T09:06:53","modified_gmt":"2026-02-16T09:06:53","slug":"propriete","status":"publish","type":"page","link":"https:\/\/www.hansen-realestate.com\/fr\/propriete\/","title":{"rendered":"Propri\u00e9t\u00e9"},"content":{"rendered":"\t\t<div data-elementor-type=\"wp-page\" data-elementor-id=\"30403\" class=\"elementor elementor-30403 elementor-29129\" data-elementor-post-type=\"page\">\n\t\t\t\t<div class=\"wd-negative-gap elementor-element elementor-element-98f936e e-flex e-con-boxed e-con e-parent\" data-id=\"98f936e\" data-element_type=\"container\" data-e-type=\"container\">\n\t\t\t\t\t<div class=\"e-con-inner\">\n\t\t\t\t<div class=\"elementor-element elementor-element-aed2971 elementor-widget elementor-widget-heading\" data-id=\"aed2971\" data-element_type=\"widget\" data-e-type=\"widget\" data-widget_type=\"heading.default\">\n\t\t\t\t\t<h2 class=\"elementor-heading-title elementor-size-default\">Propri\u00e9t\u00e9s \u00e0 vendre - Hansen Realestate<\/h2>\t\t\t\t<\/div>\n\t\t\t\t<div class=\"elementor-element elementor-element-37e9619 elementor-widget elementor-widget-spacer\" data-id=\"37e9619\" data-element_type=\"widget\" data-e-type=\"widget\" data-widget_type=\"spacer.default\">\n\t\t\t\t\t\t\t<div class=\"elementor-spacer\">\n\t\t\t<div class=\"elementor-spacer-inner\"><\/div>\n\t\t<\/div>\n\t\t\t\t\t\t<\/div>\n\t\t\t\t\t<\/div>\n\t\t\t\t<\/div>\n\t\t<div class=\"wd-negative-gap elementor-element elementor-element-df7bf9d e-flex e-con-boxed e-con e-parent\" data-id=\"df7bf9d\" data-element_type=\"container\" data-e-type=\"container\">\n\t\t\t\t\t<div class=\"e-con-inner\">\n\t\t\t\t<div class=\"elementor-element elementor-element-78b6e2c elementor-widget elementor-widget-shortcode\" data-id=\"78b6e2c\" data-element_type=\"widget\" data-e-type=\"widget\" data-widget_type=\"shortcode.default\">\n\t\t\t\t\t\t\t<div class=\"elementor-shortcode\"><p class=\"ego-hansen-single-noid ego-hansen-no-results\">No property selected.<\/p><\/div>\n\t\t\t\t\t\t<\/div>\n\t\t\t\t<div class=\"elementor-element elementor-element-69bfddc elementor-widget elementor-widget-spacer\" data-id=\"69bfddc\" data-element_type=\"widget\" data-e-type=\"widget\" data-widget_type=\"spacer.default\">\n\t\t\t\t\t\t\t<div class=\"elementor-spacer\">\n\t\t\t<div class=\"elementor-spacer-inner\"><\/div>\n\t\t<\/div>\n\t\t\t\t\t\t<\/div>\n\t\t\t\t\t<\/div>\n\t\t\t\t<\/div>\n\t\t\t\t<\/div>\n\t\t","protected":false},"excerpt":{"rendered":"<p>Propri\u00e9t\u00e9s \u00e0 vendre &#8211; Hansen Realestate<\/p>\n","protected":false},"author":1,"featured_media":0,"parent":0,"menu_order":25,"comment_status":"closed","ping_status":"closed","template":"elementor_header_footer","meta":{"footnotes":""},"class_list":["post-30403","page","type-page","status-publish","hentry"],"yoast_head":"<!-- This site is optimized with the Yoast SEO plugin v27.3 - https:\/\/yoast.com\/product\/yoast-seo-wordpress\/ -->\n<title>Propri\u00e9t\u00e9s \u00e0 vendre sur la Costa del Sol<\/title>\n<meta name=\"description\" content=\"D\u00e9couvrez nos biens \u00e0 vendre sur la Costa del Sol : appartements, villas, maisons de ville et programmes neufs. Contactez-nous pour une visite.\" \/>\n<meta name=\"robots\" content=\"index, follow, max-snippet:-1, max-image-preview:large, max-video-preview:-1\" \/>\n<link rel=\"canonical\" href=\"https:\/\/www.hansen-realestate.com\/fr\/propriete\/\" \/>\n<meta property=\"og:locale\" content=\"fr_FR\" \/>\n<meta property=\"og:type\" content=\"article\" \/>\n<meta property=\"og:title\" content=\"Propri\u00e9t\u00e9s \u00e0 vendre sur la Costa del Sol\" \/>\n<meta property=\"og:description\" content=\"D\u00e9couvrez nos biens \u00e0 vendre sur la Costa del Sol : appartements, villas, maisons de ville et programmes neufs. Contactez-nous pour une visite.\" \/>\n<meta property=\"og:url\" content=\"https:\/\/www.hansen-realestate.com\/fr\/propriete\/\" \/>\n<meta property=\"og:site_name\" content=\"Hansen-Realestate\" \/>\n<meta property=\"article:modified_time\" content=\"2026-02-16T09:06:53+00:00\" \/>\n<meta name=\"twitter:card\" content=\"summary_large_image\" \/>\n<script type=\"application\/ld+json\" class=\"yoast-schema-graph\">{\"@context\":\"https:\\\/\\\/schema.org\",\"@graph\":[{\"@type\":\"WebPage\",\"@id\":\"https:\\\/\\\/www.hansen-realestate.com\\\/fr\\\/propriete\\\/\",\"url\":\"https:\\\/\\\/www.hansen-realestate.com\\\/fr\\\/propriete\\\/\",\"name\":\"Propri\u00e9t\u00e9s \u00e0 vendre sur la Costa del Sol\",\"isPartOf\":{\"@id\":\"https:\\\/\\\/www.hansen-realestate.com\\\/fr\\\/#website\"},\"datePublished\":\"2025-11-21T13:58:39+00:00\",\"dateModified\":\"2026-02-16T09:06:53+00:00\",\"description\":\"D\u00e9couvrez nos biens \u00e0 vendre sur la Costa del Sol : appartements, villas, maisons de ville et programmes neufs. Contactez-nous pour une visite.\",\"breadcrumb\":{\"@id\":\"https:\\\/\\\/www.hansen-realestate.com\\\/fr\\\/propriete\\\/#breadcrumb\"},\"inLanguage\":\"fr-FR\",\"potentialAction\":[{\"@type\":\"ReadAction\",\"target\":[\"https:\\\/\\\/www.hansen-realestate.com\\\/fr\\\/propriete\\\/\"]}]},{\"@type\":\"BreadcrumbList\",\"@id\":\"https:\\\/\\\/www.hansen-realestate.com\\\/fr\\\/propriete\\\/#breadcrumb\",\"itemListElement\":[{\"@type\":\"ListItem\",\"position\":1,\"name\":\"Home\",\"item\":\"https:\\\/\\\/www.hansen-realestate.com\\\/fr\\\/accueil-voyages\\\/\"},{\"@type\":\"ListItem\",\"position\":2,\"name\":\"Propri\u00e9t\u00e9\"}]},{\"@type\":\"WebSite\",\"@id\":\"https:\\\/\\\/www.hansen-realestate.com\\\/fr\\\/#website\",\"url\":\"https:\\\/\\\/www.hansen-realestate.com\\\/fr\\\/\",\"name\":\"Hansen Realestate\",\"description\":\"\",\"publisher\":{\"@id\":\"https:\\\/\\\/www.hansen-realestate.com\\\/fr\\\/#organization\"},\"potentialAction\":[{\"@type\":\"SearchAction\",\"target\":{\"@type\":\"EntryPoint\",\"urlTemplate\":\"https:\\\/\\\/www.hansen-realestate.com\\\/fr\\\/?s={search_term_string}\"},\"query-input\":{\"@type\":\"PropertyValueSpecification\",\"valueRequired\":true,\"valueName\":\"search_term_string\"}}],\"inLanguage\":\"fr-FR\"},{\"@type\":\"Organization\",\"@id\":\"https:\\\/\\\/www.hansen-realestate.com\\\/fr\\\/#organization\",\"name\":\"Hansen Realestate\",\"url\":\"https:\\\/\\\/www.hansen-realestate.com\\\/fr\\\/\",\"logo\":{\"@type\":\"ImageObject\",\"inLanguage\":\"fr-FR\",\"@id\":\"https:\\\/\\\/www.hansen-realestate.com\\\/fr\\\/#\\\/schema\\\/logo\\\/image\\\/\",\"url\":\"https:\\\/\\\/www.hansen-realestate.com\\\/wp-content\\\/uploads\\\/2025\\\/11\\\/logo_hansen1.png\",\"contentUrl\":\"https:\\\/\\\/www.hansen-realestate.com\\\/wp-content\\\/uploads\\\/2025\\\/11\\\/logo_hansen1.png\",\"width\":250,\"height\":150,\"caption\":\"Hansen Realestate\"},\"image\":{\"@id\":\"https:\\\/\\\/www.hansen-realestate.com\\\/fr\\\/#\\\/schema\\\/logo\\\/image\\\/\"}}]}<\/script>\n<!-- \/ Yoast SEO plugin. -->","yoast_head_json":{"title":"Propri\u00e9t\u00e9s \u00e0 vendre sur la Costa del Sol","description":"D\u00e9couvrez nos biens \u00e0 vendre sur la Costa del Sol : appartements, villas, maisons de ville et programmes neufs. Contactez-nous pour une visite.","robots":{"index":"index","follow":"follow","max-snippet":"max-snippet:-1","max-image-preview":"max-image-preview:large","max-video-preview":"max-video-preview:-1"},"canonical":"https:\/\/www.hansen-realestate.com\/fr\/propriete\/","og_locale":"fr_FR","og_type":"article","og_title":"Propri\u00e9t\u00e9s \u00e0 vendre sur la Costa del Sol","og_description":"D\u00e9couvrez nos biens \u00e0 vendre sur la Costa del Sol : appartements, villas, maisons de ville et programmes neufs. Contactez-nous pour une visite.","og_url":"https:\/\/www.hansen-realestate.com\/fr\/propriete\/","og_site_name":"Hansen-Realestate","article_modified_time":"2026-02-16T09:06:53+00:00","twitter_card":"summary_large_image","schema":{"@context":"https:\/\/schema.org","@graph":[{"@type":"WebPage","@id":"https:\/\/www.hansen-realestate.com\/fr\/propriete\/","url":"https:\/\/www.hansen-realestate.com\/fr\/propriete\/","name":"Propri\u00e9t\u00e9s \u00e0 vendre sur la Costa del Sol","isPartOf":{"@id":"https:\/\/www.hansen-realestate.com\/fr\/#website"},"datePublished":"2025-11-21T13:58:39+00:00","dateModified":"2026-02-16T09:06:53+00:00","description":"D\u00e9couvrez nos biens \u00e0 vendre sur la Costa del Sol : appartements, villas, maisons de ville et programmes neufs. Contactez-nous pour une visite.","breadcrumb":{"@id":"https:\/\/www.hansen-realestate.com\/fr\/propriete\/#breadcrumb"},"inLanguage":"fr-FR","potentialAction":[{"@type":"ReadAction","target":["https:\/\/www.hansen-realestate.com\/fr\/propriete\/"]}]},{"@type":"BreadcrumbList","@id":"https:\/\/www.hansen-realestate.com\/fr\/propriete\/#breadcrumb","itemListElement":[{"@type":"ListItem","position":1,"name":"Home","item":"https:\/\/www.hansen-realestate.com\/fr\/accueil-voyages\/"},{"@type":"ListItem","position":2,"name":"Propri\u00e9t\u00e9"}]},{"@type":"WebSite","@id":"https:\/\/www.hansen-realestate.com\/fr\/#website","url":"https:\/\/www.hansen-realestate.com\/fr\/","name":"Hansen Realestate","description":"","publisher":{"@id":"https:\/\/www.hansen-realestate.com\/fr\/#organization"},"potentialAction":[{"@type":"SearchAction","target":{"@type":"EntryPoint","urlTemplate":"https:\/\/www.hansen-realestate.com\/fr\/?s={search_term_string}"},"query-input":{"@type":"PropertyValueSpecification","valueRequired":true,"valueName":"search_term_string"}}],"inLanguage":"fr-FR"},{"@type":"Organization","@id":"https:\/\/www.hansen-realestate.com\/fr\/#organization","name":"Hansen Realestate","url":"https:\/\/www.hansen-realestate.com\/fr\/","logo":{"@type":"ImageObject","inLanguage":"fr-FR","@id":"https:\/\/www.hansen-realestate.com\/fr\/#\/schema\/logo\/image\/","url":"https:\/\/www.hansen-realestate.com\/wp-content\/uploads\/2025\/11\/logo_hansen1.png","contentUrl":"https:\/\/www.hansen-realestate.com\/wp-content\/uploads\/2025\/11\/logo_hansen1.png","width":250,"height":150,"caption":"Hansen Realestate"},"image":{"@id":"https:\/\/www.hansen-realestate.com\/fr\/#\/schema\/logo\/image\/"}}]}},"_links":{"self":[{"href":"https:\/\/www.hansen-realestate.com\/fr\/wp-json\/wp\/v2\/pages\/30403","targetHints":{"allow":["GET"]}}],"collection":[{"href":"https:\/\/www.hansen-realestate.com\/fr\/wp-json\/wp\/v2\/pages"}],"about":[{"href":"https:\/\/www.hansen-realestate.com\/fr\/wp-json\/wp\/v2\/types\/page"}],"author":[{"embeddable":true,"href":"https:\/\/www.hansen-realestate.com\/fr\/wp-json\/wp\/v2\/users\/1"}],"replies":[{"embeddable":true,"href":"https:\/\/www.hansen-realestate.com\/fr\/wp-json\/wp\/v2\/comments?post=30403"}],"version-history":[{"count":2,"href":"https:\/\/www.hansen-realestate.com\/fr\/wp-json\/wp\/v2\/pages\/30403\/revisions"}],"predecessor-version":[{"id":30407,"href":"https:\/\/www.hansen-realestate.com\/fr\/wp-json\/wp\/v2\/pages\/30403\/revisions\/30407"}],"wp:attachment":[{"href":"https:\/\/www.hansen-realestate.com\/fr\/wp-json\/wp\/v2\/media?parent=30403"}],"curies":[{"name":"wp","href":"https:\/\/api.w.org\/{rel}","templated":true}]}}